{"id":2329,"date":"2022-04-02T11:42:04","date_gmt":"2022-04-02T11:42:04","guid":{"rendered":"https:\/\/river2.qfxdesign.com\/?page_id=2329"},"modified":"2025-10-01T03:06:12","modified_gmt":"2025-10-01T03:06:12","slug":"araink","status":"publish","type":"page","link":"https:\/\/riverfitness.hu\/en\/araink\/","title":{"rendered":"Our Prices"},"content":{"rendered":"<div data-elementor-type=\"wp-page\" data-elementor-id=\"2329\" class=\"elementor elementor-2329\">\n\t\t\t\t\t\t<section class=\"elementor-section elementor-top-section elementor-element elementor-element-9a50303 elementor-section-boxed elementor-section-height-default elementor-section-height-default elementor-invisible\" data-id=\"9a50303\" data-element_type=\"section\" data-settings=\"{&quot;animation&quot;:&quot;slideInLeft&quot;,&quot;ekit_has_onepagescroll_dot&quot;:&quot;yes&quot;}\">\n\t\t\t\t\t\t<div class=\"elementor-container elementor-column-gap-default\">\n\t\t\t\t\t<div class=\"elementor-column elementor-col-100 elementor-top-column elementor-element elementor-element-56940cd\" data-id=\"56940cd\" data-element_type=\"column\">\n\t\t\t<div class=\"elementor-widget-wrap elementor-element-populated\">\n\t\t\t\t\t\t<div class=\"elementor-element elementor-element-69b2cfe elementor-widget elementor-widget-fitnase_section_title\" data-id=\"69b2cfe\" data-element_type=\"widget\" data-settings=\"{&quot;ekit_we_effect_on&quot;:&quot;none&quot;}\" data-widget_type=\"fitnase_section_title.default\">\n\t\t\t\t<div class=\"elementor-widget-container\">\n\t\t\t\t\t\n\t\t<div class=\"ep-section-title-wrapper\" >\n\t\t\t<div class=\"ep-section-title-content shape-enable\">\n\t\t\t\t\n\t\t\t\t\t\t\t\t\t<div class=\"ep-section-title\">\n\t\t\t\t\t\t<h2>GYM<\/h2>\t\t\t\t\t<\/div>\n\t\t\t\t\n\t\t\t\t\t\t\t<\/div>\n\t\t<\/div>\n\n\t\t\t\t\t\t<\/div>\n\t\t\t\t<\/div>\n\t\t\t\t<div class=\"elementor-element elementor-element-a8aae61 elementor-widget elementor-widget-price-list\" data-id=\"a8aae61\" data-element_type=\"widget\" data-settings=\"{&quot;ekit_we_effect_on&quot;:&quot;none&quot;}\" data-widget_type=\"price-list.default\">\n\t\t\t\t<div class=\"elementor-widget-container\">\n\t\t\t\t\t\n\t\t<ul class=\"elementor-price-list\">\n\n\t\t\t\t\t\t\t\t\t<li><a class=\"elementor-price-list-item\" href=\"#\">\t\t\t\t\n\t\t\t\t<div class=\"elementor-price-list-text\">\n\t\t\t\t\t\t\t\t\t<div class=\"elementor-price-list-header\">\n\t\t\t\t\t\t\t\t\t\t\t<span class=\"elementor-price-list-title\">\n\t\t\t\t\t\t\tSingle-entry day pass\t\t\t\t\t\t<\/span>\n\t\t\t\t\t\t\t\t\t\t\t\t\t\t\t\t\t\t<span class=\"elementor-price-list-separator\"><\/span>\n\t\t\t\t\t\t\t\t\t\t\t\t\t\t\t\t\t\t\t<span class=\"elementor-price-list-price\">4.000 Ft<\/span>\n\t\t\t\t\t\t\t\t\t\t<\/div>\n\t\t\t\t\t\t\t\t\t\t\t\t<\/div>\n\t\t\t\t<\/a><\/li>\t\t\t\t\t\t\t\t\t\t\t\t<li><a class=\"elementor-price-list-item\" href=\"#\">\t\t\t\t\n\t\t\t\t<div class=\"elementor-price-list-text\">\n\t\t\t\t\t\t\t\t\t<div class=\"elementor-price-list-header\">\n\t\t\t\t\t\t\t\t\t\t\t<span class=\"elementor-price-list-title\">\n\t\t\t\t\t\t\t10-entry pass (valid for 40 days)\t\t\t\t\t\t<\/span>\n\t\t\t\t\t\t\t\t\t\t\t\t\t\t\t\t\t\t<span class=\"elementor-price-list-separator\"><\/span>\n\t\t\t\t\t\t\t\t\t\t\t\t\t\t\t\t\t\t\t<span class=\"elementor-price-list-price\">24.000 Ft<\/span>\n\t\t\t\t\t\t\t\t\t\t<\/div>\n\t\t\t\t\t\t\t\t\t\t\t\t<\/div>\n\t\t\t\t<\/a><\/li>\t\t\t\t\t\t\t\t\t\t\t\t<li><a class=\"elementor-price-list-item\" href=\"#\">\t\t\t\t\n\t\t\t\t<div class=\"elementor-price-list-text\">\n\t\t\t\t\t\t\t\t\t<div class=\"elementor-price-list-header\">\n\t\t\t\t\t\t\t\t\t\t\t<span class=\"elementor-price-list-title\">\n\t\t\t\t\t\t\tMonthly pass (30 days, 1 entry per day)\t\t\t\t\t\t<\/span>\n\t\t\t\t\t\t\t\t\t\t\t\t\t\t\t\t\t\t<span class=\"elementor-price-list-separator\"><\/span>\n\t\t\t\t\t\t\t\t\t\t\t\t\t\t\t\t\t\t\t<span class=\"elementor-price-list-price\">25.000 Ft<\/span>\n\t\t\t\t\t\t\t\t\t\t<\/div>\n\t\t\t\t\t\t\t\t\t\t\t\t<\/div>\n\t\t\t\t<\/a><\/li>\t\t\t\t\t\t\t\t\t\t\t\t<li><a class=\"elementor-price-list-item\" href=\"#\">\t\t\t\t\n\t\t\t\t<div class=\"elementor-price-list-text\">\n\t\t\t\t\t\t\t\t\t<div class=\"elementor-price-list-header\">\n\t\t\t\t\t\t\t\t\t\t\t<span class=\"elementor-price-list-title\">\n\t\t\t\t\t\t\tMonthly pass (30 days, 2 entries per day)\t\t\t\t\t\t<\/span>\n\t\t\t\t\t\t\t\t\t\t\t\t\t\t\t\t\t\t<span class=\"elementor-price-list-separator\"><\/span>\n\t\t\t\t\t\t\t\t\t\t\t\t\t\t\t\t\t\t\t<span class=\"elementor-price-list-price\">33.000 Ft<\/span>\n\t\t\t\t\t\t\t\t\t\t<\/div>\n\t\t\t\t\t\t\t\t\t\t\t\t<\/div>\n\t\t\t\t<\/a><\/li>\t\t\t\t\t\n\t\t<\/ul>\n\n\t\t\t\t\t\t<\/div>\n\t\t\t\t<\/div>\n\t\t\t\t<div class=\"elementor-element elementor-element-68e7f3c elementor-widget elementor-widget-text-editor\" data-id=\"68e7f3c\" data-element_type=\"widget\" data-settings=\"{&quot;ekit_we_effect_on&quot;:&quot;none&quot;}\" data-widget_type=\"text-editor.default\">\n\t\t\t\t<div class=\"elementor-widget-container\">\n\t\t\t\t\t\t\t\t\t<p>The sale of 6-month and annual passes is temporarily suspended.<\/p>\t\t\t\t\t\t\t\t<\/div>\n\t\t\t\t<\/div>\n\t\t\t\t\t<\/div>\n\t\t<\/div>\n\t\t\t\t\t<\/div>\n\t\t<\/section>\n\t\t\t\t<section class=\"elementor-section elementor-top-section elementor-element elementor-element-3cf582c elementor-section-boxed elementor-section-height-default elementor-section-height-default elementor-invisible\" data-id=\"3cf582c\" data-element_type=\"section\" data-settings=\"{&quot;animation&quot;:&quot;fadeInLeft&quot;,&quot;ekit_has_onepagescroll_dot&quot;:&quot;yes&quot;}\">\n\t\t\t\t\t\t<div class=\"elementor-container elementor-column-gap-default\">\n\t\t\t\t\t<div class=\"elementor-column elementor-col-100 elementor-top-column elementor-element elementor-element-e6379f9\" data-id=\"e6379f9\" data-element_type=\"column\">\n\t\t\t<div class=\"elementor-widget-wrap elementor-element-populated\">\n\t\t\t\t\t\t<div class=\"elementor-element elementor-element-cd30dc2 elementor-widget elementor-widget-fitnase_section_title\" data-id=\"cd30dc2\" data-element_type=\"widget\" data-settings=\"{&quot;ekit_we_effect_on&quot;:&quot;none&quot;}\" data-widget_type=\"fitnase_section_title.default\">\n\t\t\t\t<div class=\"elementor-widget-container\">\n\t\t\t\t\t\n\t\t<div class=\"ep-section-title-wrapper\" >\n\t\t\t<div class=\"ep-section-title-content shape-enable\">\n\t\t\t\t\n\t\t\t\t\t\t\t\t\t<div class=\"ep-section-title\">\n\t\t\t\t\t\t<h4>AEROBICS &amp; FUNCTIONAL TRAINING<\/h4>\t\t\t\t\t<\/div>\n\t\t\t\t\n\t\t\t\t\t\t\t<\/div>\n\t\t<\/div>\n\n\t\t\t\t\t\t<\/div>\n\t\t\t\t<\/div>\n\t\t\t\t<div class=\"elementor-element elementor-element-8e1ce94 elementor-widget elementor-widget-price-list\" data-id=\"8e1ce94\" data-element_type=\"widget\" data-settings=\"{&quot;ekit_we_effect_on&quot;:&quot;none&quot;}\" data-widget_type=\"price-list.default\">\n\t\t\t\t<div class=\"elementor-widget-container\">\n\t\t\t\t\t\n\t\t<ul class=\"elementor-price-list\">\n\n\t\t\t\t\t\t\t\t\t<li><a class=\"elementor-price-list-item\" href=\"#\">\t\t\t\t\n\t\t\t\t<div class=\"elementor-price-list-text\">\n\t\t\t\t\t\t\t\t\t<div class=\"elementor-price-list-header\">\n\t\t\t\t\t\t\t\t\t\t\t<span class=\"elementor-price-list-title\">\n\t\t\t\t\t\t\tSingle session (valid for 1 hour)\t\t\t\t\t\t<\/span>\n\t\t\t\t\t\t\t\t\t\t\t\t\t\t\t\t\t\t<span class=\"elementor-price-list-separator\"><\/span>\n\t\t\t\t\t\t\t\t\t\t\t\t\t\t\t\t\t\t\t<span class=\"elementor-price-list-price\">4.000  Ft<\/span>\n\t\t\t\t\t\t\t\t\t\t<\/div>\n\t\t\t\t\t\t\t\t\t\t\t\t<\/div>\n\t\t\t\t<\/a><\/li>\t\t\t\t\t\t\t\t\t\t\t\t<li><a class=\"elementor-price-list-item\" href=\"#\">\t\t\t\t\n\t\t\t\t<div class=\"elementor-price-list-text\">\n\t\t\t\t\t\t\t\t\t<div class=\"elementor-price-list-header\">\n\t\t\t\t\t\t\t\t\t\t\t<span class=\"elementor-price-list-title\">\n\t\t\t\t\t\t\t10-session pass (45-day validity, 1 hour per session)\t\t\t\t\t\t<\/span>\n\t\t\t\t\t\t\t\t\t\t\t\t\t\t\t\t\t\t<span class=\"elementor-price-list-separator\"><\/span>\n\t\t\t\t\t\t\t\t\t\t\t\t\t\t\t\t\t\t\t<span class=\"elementor-price-list-price\">26.000 Ft<\/span>\n\t\t\t\t\t\t\t\t\t\t<\/div>\n\t\t\t\t\t\t\t\t\t\t\t\t<\/div>\n\t\t\t\t<\/a><\/li>\t\t\t\t\t\n\t\t<\/ul>\n\n\t\t\t\t\t\t<\/div>\n\t\t\t\t<\/div>\n\t\t\t\t\t<\/div>\n\t\t<\/div>\n\t\t\t\t\t<\/div>\n\t\t<\/section>\n\t\t\t\t<section class=\"elementor-section elementor-top-section elementor-element elementor-element-8507cb4 elementor-section-boxed elementor-section-height-default elementor-section-height-default elementor-invisible\" data-id=\"8507cb4\" data-element_type=\"section\" data-settings=\"{&quot;animation&quot;:&quot;slideInLeft&quot;,&quot;ekit_has_onepagescroll_dot&quot;:&quot;yes&quot;}\">\n\t\t\t\t\t\t<div class=\"elementor-container elementor-column-gap-default\">\n\t\t\t\t\t<div class=\"elementor-column elementor-col-100 elementor-top-column elementor-element elementor-element-bc87309\" data-id=\"bc87309\" data-element_type=\"column\">\n\t\t\t<div class=\"elementor-widget-wrap elementor-element-populated\">\n\t\t\t\t\t\t<div class=\"elementor-element elementor-element-6aebbea elementor-widget elementor-widget-fitnase_section_title\" data-id=\"6aebbea\" data-element_type=\"widget\" data-settings=\"{&quot;ekit_we_effect_on&quot;:&quot;none&quot;}\" data-widget_type=\"fitnase_section_title.default\">\n\t\t\t\t<div class=\"elementor-widget-container\">\n\t\t\t\t\t\n\t\t<div class=\"ep-section-title-wrapper\" >\n\t\t\t<div class=\"ep-section-title-content shape-enable\">\n\t\t\t\t\n\t\t\t\t\t\t\t\t\t<div class=\"ep-section-title\">\n\t\t\t\t\t\t<h4>Other<\/h4>\t\t\t\t\t<\/div>\n\t\t\t\t\n\t\t\t\t\t\t\t<\/div>\n\t\t<\/div>\n\n\t\t\t\t\t\t<\/div>\n\t\t\t\t<\/div>\n\t\t\t\t<div class=\"elementor-element elementor-element-990c9e9 elementor-widget elementor-widget-price-list\" data-id=\"990c9e9\" data-element_type=\"widget\" data-settings=\"{&quot;ekit_we_effect_on&quot;:&quot;none&quot;}\" data-widget_type=\"price-list.default\">\n\t\t\t\t<div class=\"elementor-widget-container\">\n\t\t\t\t\t\n\t\t<ul class=\"elementor-price-list\">\n\n\t\t\t\t\t\t\t\t\t<li><a class=\"elementor-price-list-item\" href=\"#\">\t\t\t\t\n\t\t\t\t<div class=\"elementor-price-list-text\">\n\t\t\t\t\t\t\t\t\t<div class=\"elementor-price-list-header\">\n\t\t\t\t\t\t\t\t\t\t\t<span class=\"elementor-price-list-title\">\n\t\t\t\t\t\t\tSmall towel rental\t\t\t\t\t\t<\/span>\n\t\t\t\t\t\t\t\t\t\t\t\t\t\t\t\t\t\t<span class=\"elementor-price-list-separator\"><\/span>\n\t\t\t\t\t\t\t\t\t\t\t\t\t\t\t\t\t\t\t<span class=\"elementor-price-list-price\">500 Ft<\/span>\n\t\t\t\t\t\t\t\t\t\t<\/div>\n\t\t\t\t\t\t\t\t\t\t\t\t<\/div>\n\t\t\t\t<\/a><\/li>\t\t\t\t\t\t\t\t\t\t\t\t<li><a class=\"elementor-price-list-item\" href=\"#\">\t\t\t\t\n\t\t\t\t<div class=\"elementor-price-list-text\">\n\t\t\t\t\t\t\t\t\t<div class=\"elementor-price-list-header\">\n\t\t\t\t\t\t\t\t\t\t\t<span class=\"elementor-price-list-title\">\n\t\t\t\t\t\t\tLarge towel rental\t\t\t\t\t\t<\/span>\n\t\t\t\t\t\t\t\t\t\t\t\t\t\t\t\t\t\t<span class=\"elementor-price-list-separator\"><\/span>\n\t\t\t\t\t\t\t\t\t\t\t\t\t\t\t\t\t\t\t<span class=\"elementor-price-list-price\">900 Ft<\/span>\n\t\t\t\t\t\t\t\t\t\t<\/div>\n\t\t\t\t\t\t\t\t\t\t\t\t<\/div>\n\t\t\t\t<\/a><\/li>\t\t\t\t\t\n\t\t<\/ul>\n\n\t\t\t\t\t\t<\/div>\n\t\t\t\t<\/div>\n\t\t\t\t\t<\/div>\n\t\t<\/div>\n\t\t\t\t\t<\/div>\n\t\t<\/section>\n\t\t\t\t<\/div>","protected":false},"excerpt":{"rendered":"<p>Kondi 1 alkalmas napijegy 4.000 Ft 10 alkalom (40 napig \u00e9rv\u00e9nyes) 24.000 Ft Havi b\u00e9rlet (30 napos, napi 1 bel\u00e9p\u00e9s) 25.000 Ft Havi b\u00e9rlet (30 napos, napi 2 bel\u00e9p\u00e9s) 33.000 Ft A 6 h\u00f3napos \u00e9s az \u00e9ves b\u00e9rletek \u00e1rus\u00edt\u00e1sa \u00e1tmenetileg sz\u00fcnetel. AEROBIK \u00c9S FUNKCION\u00c1LIS TR\u00c9NING 1 alkalom (1 \u00f3r\u00e1ra \u00e9rv\u00e9nyes) 4.000 Ft 10 alkalmas (45 [&hellip;]<\/p>","protected":false},"author":1,"featured_media":0,"parent":0,"menu_order":0,"comment_status":"closed","ping_status":"closed","template":"","meta":{"footnotes":""},"class_list":["post-2329","page","type-page","status-publish","hentry"],"yoast_head":"<!-- This site is optimized with the Yoast SEO Premium plugin v19.1 (Yoast SEO v21.4) - https:\/\/yoast.com\/wordpress\/plugins\/seo\/ -->\n<title>\u00c1raink - River Fitness by Getfit<\/title>\n<meta name=\"robots\" content=\"index, follow, max-snippet:-1, max-image-preview:large, max-video-preview:-1\" \/>\n<link rel=\"canonical\" href=\"https:\/\/riverfitness.hu\/en\/araink\/\" \/>\n<meta property=\"og:locale\" content=\"en_GB\" \/>\n<meta property=\"og:type\" content=\"article\" \/>\n<meta property=\"og:title\" content=\"\u00c1raink\" \/>\n<meta property=\"og:description\" content=\"Kondi 1 alkalmas napijegy 4.000 Ft 10 alkalom (40 napig \u00e9rv\u00e9nyes) 24.000 Ft Havi b\u00e9rlet (30 napos, napi 1 bel\u00e9p\u00e9s) 25.000 Ft Havi b\u00e9rlet (30 napos, napi 2 bel\u00e9p\u00e9s) 33.000 Ft A 6 h\u00f3napos \u00e9s az \u00e9ves b\u00e9rletek \u00e1rus\u00edt\u00e1sa \u00e1tmenetileg sz\u00fcnetel. AEROBIK \u00c9S FUNKCION\u00c1LIS TR\u00c9NING 1 alkalom (1 \u00f3r\u00e1ra \u00e9rv\u00e9nyes) 4.000 Ft 10 alkalmas (45 [&hellip;]\" \/>\n<meta property=\"og:url\" content=\"https:\/\/riverfitness.hu\/en\/araink\/\" \/>\n<meta property=\"og:site_name\" content=\"River Fitness by Getfit\" \/>\n<meta property=\"article:publisher\" content=\"https:\/\/www.facebook.com\/getfitriverfitness\" \/>\n<meta property=\"article:modified_time\" content=\"2025-10-01T03:06:12+00:00\" \/>\n<meta name=\"twitter:card\" content=\"summary_large_image\" \/>\n<meta name=\"twitter:label1\" content=\"Estimated reading time\" \/>\n\t<meta name=\"twitter:data1\" content=\"1 minute\" \/>\n<script type=\"application\/ld+json\" class=\"yoast-schema-graph\">{\"@context\":\"https:\/\/schema.org\",\"@graph\":[{\"@type\":\"WebPage\",\"@id\":\"https:\/\/riverfitness.hu\/araink\/\",\"url\":\"https:\/\/riverfitness.hu\/araink\/\",\"name\":\"\u00c1raink - River Fitness by Getfit\",\"isPartOf\":{\"@id\":\"https:\/\/riverfitness.hu\/#website\"},\"datePublished\":\"2022-04-02T11:42:04+00:00\",\"dateModified\":\"2025-10-01T03:06:12+00:00\",\"breadcrumb\":{\"@id\":\"https:\/\/riverfitness.hu\/araink\/#breadcrumb\"},\"inLanguage\":\"en-GB\",\"potentialAction\":[{\"@type\":\"ReadAction\",\"target\":[\"https:\/\/riverfitness.hu\/araink\/\"]}]},{\"@type\":\"BreadcrumbList\",\"@id\":\"https:\/\/riverfitness.hu\/araink\/#breadcrumb\",\"itemListElement\":[{\"@type\":\"ListItem\",\"position\":1,\"name\":\"Kezd\u0151lap\",\"item\":\"https:\/\/riverfitness.hu\/\"},{\"@type\":\"ListItem\",\"position\":2,\"name\":\"\u00c1raink\"}]},{\"@type\":\"WebSite\",\"@id\":\"https:\/\/riverfitness.hu\/#website\",\"url\":\"https:\/\/riverfitness.hu\/\",\"name\":\"River Fitness by Getfit\",\"description\":\"\",\"publisher\":{\"@id\":\"https:\/\/riverfitness.hu\/#organization\"},\"potentialAction\":[{\"@type\":\"SearchAction\",\"target\":{\"@type\":\"EntryPoint\",\"urlTemplate\":\"https:\/\/riverfitness.hu\/?s={search_term_string}\"},\"query-input\":\"required name=search_term_string\"}],\"inLanguage\":\"en-GB\"},{\"@type\":\"Organization\",\"@id\":\"https:\/\/riverfitness.hu\/#organization\",\"name\":\"River Fitness by Getfit\",\"url\":\"https:\/\/riverfitness.hu\/\",\"logo\":{\"@type\":\"ImageObject\",\"inLanguage\":\"en-GB\",\"@id\":\"https:\/\/riverfitness.hu\/#\/schema\/logo\/image\/\",\"url\":\"http:\/\/riverfitness.hu\/wp-content\/uploads\/2022\/04\/river-fitness-logo3.png\",\"contentUrl\":\"http:\/\/riverfitness.hu\/wp-content\/uploads\/2022\/04\/river-fitness-logo3.png\",\"width\":300,\"height\":80,\"caption\":\"River Fitness by Getfit\"},\"image\":{\"@id\":\"https:\/\/riverfitness.hu\/#\/schema\/logo\/image\/\"},\"sameAs\":[\"https:\/\/www.facebook.com\/getfitriverfitness\"]}]}<\/script>\n<!-- \/ Yoast SEO Premium plugin. -->","yoast_head_json":{"title":"\u00c1raink - River Fitness by Getfit","robots":{"index":"index","follow":"follow","max-snippet":"max-snippet:-1","max-image-preview":"max-image-preview:large","max-video-preview":"max-video-preview:-1"},"canonical":"https:\/\/riverfitness.hu\/en\/araink\/","og_locale":"en_GB","og_type":"article","og_title":"\u00c1raink","og_description":"Kondi 1 alkalmas napijegy 4.000 Ft 10 alkalom (40 napig \u00e9rv\u00e9nyes) 24.000 Ft Havi b\u00e9rlet (30 napos, napi 1 bel\u00e9p\u00e9s) 25.000 Ft Havi b\u00e9rlet (30 napos, napi 2 bel\u00e9p\u00e9s) 33.000 Ft A 6 h\u00f3napos \u00e9s az \u00e9ves b\u00e9rletek \u00e1rus\u00edt\u00e1sa \u00e1tmenetileg sz\u00fcnetel. AEROBIK \u00c9S FUNKCION\u00c1LIS TR\u00c9NING 1 alkalom (1 \u00f3r\u00e1ra \u00e9rv\u00e9nyes) 4.000 Ft 10 alkalmas (45 [&hellip;]","og_url":"https:\/\/riverfitness.hu\/en\/araink\/","og_site_name":"River Fitness by Getfit","article_publisher":"https:\/\/www.facebook.com\/getfitriverfitness","article_modified_time":"2025-10-01T03:06:12+00:00","twitter_card":"summary_large_image","twitter_misc":{"Estimated reading time":"1 minute"},"schema":{"@context":"https:\/\/schema.org","@graph":[{"@type":"WebPage","@id":"https:\/\/riverfitness.hu\/araink\/","url":"https:\/\/riverfitness.hu\/araink\/","name":"\u00c1raink - River Fitness by Getfit","isPartOf":{"@id":"https:\/\/riverfitness.hu\/#website"},"datePublished":"2022-04-02T11:42:04+00:00","dateModified":"2025-10-01T03:06:12+00:00","breadcrumb":{"@id":"https:\/\/riverfitness.hu\/araink\/#breadcrumb"},"inLanguage":"en-GB","potentialAction":[{"@type":"ReadAction","target":["https:\/\/riverfitness.hu\/araink\/"]}]},{"@type":"BreadcrumbList","@id":"https:\/\/riverfitness.hu\/araink\/#breadcrumb","itemListElement":[{"@type":"ListItem","position":1,"name":"Kezd\u0151lap","item":"https:\/\/riverfitness.hu\/"},{"@type":"ListItem","position":2,"name":"\u00c1raink"}]},{"@type":"WebSite","@id":"https:\/\/riverfitness.hu\/#website","url":"https:\/\/riverfitness.hu\/","name":"River Fitness by Getfit","description":"","publisher":{"@id":"https:\/\/riverfitness.hu\/#organization"},"potentialAction":[{"@type":"SearchAction","target":{"@type":"EntryPoint","urlTemplate":"https:\/\/riverfitness.hu\/?s={search_term_string}"},"query-input":"required name=search_term_string"}],"inLanguage":"en-GB"},{"@type":"Organization","@id":"https:\/\/riverfitness.hu\/#organization","name":"River Fitness by Getfit","url":"https:\/\/riverfitness.hu\/","logo":{"@type":"ImageObject","inLanguage":"en-GB","@id":"https:\/\/riverfitness.hu\/#\/schema\/logo\/image\/","url":"http:\/\/riverfitness.hu\/wp-content\/uploads\/2022\/04\/river-fitness-logo3.png","contentUrl":"http:\/\/riverfitness.hu\/wp-content\/uploads\/2022\/04\/river-fitness-logo3.png","width":300,"height":80,"caption":"River Fitness by Getfit"},"image":{"@id":"https:\/\/riverfitness.hu\/#\/schema\/logo\/image\/"},"sameAs":["https:\/\/www.facebook.com\/getfitriverfitness"]}]}},"_links":{"self":[{"href":"https:\/\/riverfitness.hu\/en\/wp-json\/wp\/v2\/pages\/2329","targetHints":{"allow":["GET"]}}],"collection":[{"href":"https:\/\/riverfitness.hu\/en\/wp-json\/wp\/v2\/pages"}],"about":[{"href":"https:\/\/riverfitness.hu\/en\/wp-json\/wp\/v2\/types\/page"}],"author":[{"embeddable":true,"href":"https:\/\/riverfitness.hu\/en\/wp-json\/wp\/v2\/users\/1"}],"replies":[{"embeddable":true,"href":"https:\/\/riverfitness.hu\/en\/wp-json\/wp\/v2\/comments?post=2329"}],"version-history":[{"count":72,"href":"https:\/\/riverfitness.hu\/en\/wp-json\/wp\/v2\/pages\/2329\/revisions"}],"predecessor-version":[{"id":4478,"href":"https:\/\/riverfitness.hu\/en\/wp-json\/wp\/v2\/pages\/2329\/revisions\/4478"}],"wp:attachment":[{"href":"https:\/\/riverfitness.hu\/en\/wp-json\/wp\/v2\/media?parent=2329"}],"curies":[{"name":"wp","href":"https:\/\/api.w.org\/{rel}","templated":true}]}}