{"id":4516,"date":"2025-12-22T14:37:46","date_gmt":"2025-12-22T14:37:46","guid":{"rendered":"https:\/\/riverfitness.hu\/?page_id=4516"},"modified":"2025-12-22T14:49:28","modified_gmt":"2025-12-22T14:49:28","slug":"blog","status":"publish","type":"page","link":"https:\/\/riverfitness.hu\/en\/blog\/","title":{"rendered":"Blog"},"content":{"rendered":"<div data-elementor-type=\"wp-page\" data-elementor-id=\"4516\" class=\"elementor elementor-4516\">\n\t\t\t\t\t\t<section class=\"elementor-section elementor-top-section elementor-element elementor-element-66250c7 elementor-section-boxed elementor-section-height-default elementor-section-height-default\" data-id=\"66250c7\" data-element_type=\"section\" data-settings=\"{&quot;ekit_has_onepagescroll_dot&quot;:&quot;yes&quot;}\">\n\t\t\t\t\t\t<div class=\"elementor-container elementor-column-gap-default\">\n\t\t\t\t\t<div class=\"elementor-column elementor-col-100 elementor-top-column elementor-element elementor-element-183a325\" data-id=\"183a325\" data-element_type=\"column\">\n\t\t\t<div class=\"elementor-widget-wrap elementor-element-populated\">\n\t\t\t\t\t\t<div class=\"elementor-element elementor-element-634babb elementor-widget elementor-widget-elementskit-blog-posts\" data-id=\"634babb\" data-element_type=\"widget\" data-settings=\"{&quot;ekit_we_effect_on&quot;:&quot;none&quot;}\" data-widget_type=\"elementskit-blog-posts.default\">\n\t\t\t\t<div class=\"elementor-widget-container\">\n\t\t\t\t\t<div class=\"ekit-wid-con\" >\n        <div id=\"post-items--634babb\" class=\"row post-items ekit-blog-posts-content\">\n\n        \n            \n\n            <div class=\"col-md-12\">\n\n                                    <div class=\"elementskit-blog-block-post\">\n                        <div class=\"row no-gutters\">\n                                                            <div class=\"col-md-6 order-1\">\n                                    <a href=\"https:\/\/riverfitness.hu\/en\/hatha-joga-mit-ad-a-hatha-joga-a-testednek-es-a-mentalis-egeszsegednek\/\" class=\"elementskit-entry-thumb\">\n                                        <img decoding=\"async\" src=\"https:\/\/riverfitness.hu\/wp-content\/uploads\/2025\/12\/hatha-joga-1024x540.jpg\" alt=\"Hatha j\u00f3ga \u2013 Mit ad a Hatha j\u00f3ga a testednek \u00e9s a ment\u00e1lis eg\u00e9szs\u00e9gednek?\">\n                                    <\/a><!-- .elementskit-entry-thumb END -->\n                                <\/div>\n                            \n                            <div class=\"col-md-6 order-2\">\n                                <div class=\"elementskit-post-body\">\n                                    <div class=\"elementskit-entry-header\">\n                                        \n                                                                                                                            <div class=\"post-meta-list\">\n                                                                                                <span class=\"meta-date\">\n\n                                <i aria-hidden=\"true\" class=\"icon icon-calendar3\"><\/i>\n                                <span class=\"meta-date-text\">\n                                    2025.12.22.                                <\/span>\n                            <\/span>\n                                                                                                            <\/div>\n                                                                            \n                                            \n                                                                                                            <h2 class=\"entry-title\">\n                    <a href=\"https:\/\/riverfitness.hu\/en\/hatha-joga-mit-ad-a-hatha-joga-a-testednek-es-a-mentalis-egeszsegednek\/\">\n                            Hatha Yoga \u2013 How Does Hatha Yoga Benefit Your Body and Mental Health?                    <\/a>\n                <\/h2>\n                                                                                                <\/div><!-- .elementskit-entry-header END -->\n\n                                                                            <div class=\"elementskit-post-footer\">\n                                                                                            <p>Discover Hatha yoga classes in Budapest at RiverFitness!\nSlow, mindful movement for better posture, stress relief, and strength. Join us today!<\/p>\n                                                                                                                                <\/div><!-- .elementskit-post-footer END -->\n                                                                    <\/div><!-- .elementskit-post-body END -->\n                            <\/div>\n                        <\/div>\n                    <\/div><!-- .elementskit-blog-block-post .radius .gradient-bg END -->\n                \n            <\/div>\n\n                    <\/div>\n        \n        \n        <\/div>\t\t\t\t<\/div>\n\t\t\t\t<\/div>\n\t\t\t\t\t<\/div>\n\t\t<\/div>\n\t\t\t\t\t<\/div>\n\t\t<\/section>\n\t\t\t\t<\/div>","protected":false},"excerpt":{"rendered":"<p>2025.12.22. Hatha j\u00f3ga \u2013 Mit ad a Hatha j\u00f3ga a testednek \u00e9s a ment\u00e1lis eg\u00e9szs\u00e9gednek? Fedezd fel a Hatha j\u00f3ga \u00f3r\u00e1kat Budapesten a RiverFitness-n\u00e9l! Lass\u00fa, tudatos mozg\u00e1s a jobb testtart\u00e1s\u00e9rt, stresszold\u00e1s\u00e9rt \u00e9s er\u0151\u00e9rt. Csatlakozz most!<\/p>","protected":false},"author":1,"featured_media":0,"parent":0,"menu_order":0,"comment_status":"closed","ping_status":"closed","template":"","meta":{"footnotes":""},"class_list":["post-4516","page","type-page","status-publish","hentry"],"yoast_head":"<!-- This site is optimized with the Yoast SEO Premium plugin v19.1 (Yoast SEO v21.4) - https:\/\/yoast.com\/wordpress\/plugins\/seo\/ -->\n<title>Blog - River Fitness by Getfit<\/title>\n<meta name=\"robots\" content=\"index, follow, max-snippet:-1, max-image-preview:large, max-video-preview:-1\" \/>\n<link rel=\"canonical\" href=\"https:\/\/riverfitness.hu\/en\/blog\/\" \/>\n<meta property=\"og:locale\" content=\"en_GB\" \/>\n<meta property=\"og:type\" content=\"article\" \/>\n<meta property=\"og:title\" content=\"Blog\" \/>\n<meta property=\"og:description\" content=\"2025.12.22. Hatha j\u00f3ga \u2013 Mit ad a Hatha j\u00f3ga a testednek \u00e9s a ment\u00e1lis eg\u00e9szs\u00e9gednek? Fedezd fel a Hatha j\u00f3ga \u00f3r\u00e1kat Budapesten a RiverFitness-n\u00e9l! Lass\u00fa, tudatos mozg\u00e1s a jobb testtart\u00e1s\u00e9rt, stresszold\u00e1s\u00e9rt \u00e9s er\u0151\u00e9rt. Csatlakozz most!\" \/>\n<meta property=\"og:url\" content=\"https:\/\/riverfitness.hu\/en\/blog\/\" \/>\n<meta property=\"og:site_name\" content=\"River Fitness by Getfit\" \/>\n<meta property=\"article:publisher\" content=\"https:\/\/www.facebook.com\/getfitriverfitness\" \/>\n<meta property=\"article:modified_time\" content=\"2025-12-22T14:49:28+00:00\" \/>\n<meta property=\"og:image\" content=\"http:\/\/riverfitness.hu\/wp-content\/uploads\/2025\/12\/hatha-joga-1024x540.jpg\" \/>\n<meta name=\"twitter:card\" content=\"summary_large_image\" \/>\n<meta name=\"twitter:label1\" content=\"Estimated reading time\" \/>\n\t<meta name=\"twitter:data1\" content=\"1 minute\" \/>\n<script type=\"application\/ld+json\" class=\"yoast-schema-graph\">{\"@context\":\"https:\/\/schema.org\",\"@graph\":[{\"@type\":\"WebPage\",\"@id\":\"https:\/\/riverfitness.hu\/blog\/\",\"url\":\"https:\/\/riverfitness.hu\/blog\/\",\"name\":\"Blog - River Fitness by Getfit\",\"isPartOf\":{\"@id\":\"https:\/\/riverfitness.hu\/#website\"},\"datePublished\":\"2025-12-22T14:37:46+00:00\",\"dateModified\":\"2025-12-22T14:49:28+00:00\",\"breadcrumb\":{\"@id\":\"https:\/\/riverfitness.hu\/blog\/#breadcrumb\"},\"inLanguage\":\"en-GB\",\"potentialAction\":[{\"@type\":\"ReadAction\",\"target\":[\"https:\/\/riverfitness.hu\/blog\/\"]}]},{\"@type\":\"BreadcrumbList\",\"@id\":\"https:\/\/riverfitness.hu\/blog\/#breadcrumb\",\"itemListElement\":[{\"@type\":\"ListItem\",\"position\":1,\"name\":\"Kezd\u0151lap\",\"item\":\"https:\/\/riverfitness.hu\/\"},{\"@type\":\"ListItem\",\"position\":2,\"name\":\"Blog\"}]},{\"@type\":\"WebSite\",\"@id\":\"https:\/\/riverfitness.hu\/#website\",\"url\":\"https:\/\/riverfitness.hu\/\",\"name\":\"River Fitness by Getfit\",\"description\":\"\",\"publisher\":{\"@id\":\"https:\/\/riverfitness.hu\/#organization\"},\"potentialAction\":[{\"@type\":\"SearchAction\",\"target\":{\"@type\":\"EntryPoint\",\"urlTemplate\":\"https:\/\/riverfitness.hu\/?s={search_term_string}\"},\"query-input\":\"required name=search_term_string\"}],\"inLanguage\":\"en-GB\"},{\"@type\":\"Organization\",\"@id\":\"https:\/\/riverfitness.hu\/#organization\",\"name\":\"River Fitness by Getfit\",\"url\":\"https:\/\/riverfitness.hu\/\",\"logo\":{\"@type\":\"ImageObject\",\"inLanguage\":\"en-GB\",\"@id\":\"https:\/\/riverfitness.hu\/#\/schema\/logo\/image\/\",\"url\":\"http:\/\/riverfitness.hu\/wp-content\/uploads\/2022\/04\/river-fitness-logo3.png\",\"contentUrl\":\"http:\/\/riverfitness.hu\/wp-content\/uploads\/2022\/04\/river-fitness-logo3.png\",\"width\":300,\"height\":80,\"caption\":\"River Fitness by Getfit\"},\"image\":{\"@id\":\"https:\/\/riverfitness.hu\/#\/schema\/logo\/image\/\"},\"sameAs\":[\"https:\/\/www.facebook.com\/getfitriverfitness\"]}]}<\/script>\n<!-- \/ Yoast SEO Premium plugin. -->","yoast_head_json":{"title":"Blog - River Fitness by Getfit","robots":{"index":"index","follow":"follow","max-snippet":"max-snippet:-1","max-image-preview":"max-image-preview:large","max-video-preview":"max-video-preview:-1"},"canonical":"https:\/\/riverfitness.hu\/en\/blog\/","og_locale":"en_GB","og_type":"article","og_title":"Blog","og_description":"2025.12.22. Hatha j\u00f3ga \u2013 Mit ad a Hatha j\u00f3ga a testednek \u00e9s a ment\u00e1lis eg\u00e9szs\u00e9gednek? Fedezd fel a Hatha j\u00f3ga \u00f3r\u00e1kat Budapesten a RiverFitness-n\u00e9l! Lass\u00fa, tudatos mozg\u00e1s a jobb testtart\u00e1s\u00e9rt, stresszold\u00e1s\u00e9rt \u00e9s er\u0151\u00e9rt. Csatlakozz most!","og_url":"https:\/\/riverfitness.hu\/en\/blog\/","og_site_name":"River Fitness by Getfit","article_publisher":"https:\/\/www.facebook.com\/getfitriverfitness","article_modified_time":"2025-12-22T14:49:28+00:00","og_image":[{"url":"http:\/\/riverfitness.hu\/wp-content\/uploads\/2025\/12\/hatha-joga-1024x540.jpg"}],"twitter_card":"summary_large_image","twitter_misc":{"Estimated reading time":"1 minute"},"schema":{"@context":"https:\/\/schema.org","@graph":[{"@type":"WebPage","@id":"https:\/\/riverfitness.hu\/blog\/","url":"https:\/\/riverfitness.hu\/blog\/","name":"Blog - River Fitness by Getfit","isPartOf":{"@id":"https:\/\/riverfitness.hu\/#website"},"datePublished":"2025-12-22T14:37:46+00:00","dateModified":"2025-12-22T14:49:28+00:00","breadcrumb":{"@id":"https:\/\/riverfitness.hu\/blog\/#breadcrumb"},"inLanguage":"en-GB","potentialAction":[{"@type":"ReadAction","target":["https:\/\/riverfitness.hu\/blog\/"]}]},{"@type":"BreadcrumbList","@id":"https:\/\/riverfitness.hu\/blog\/#breadcrumb","itemListElement":[{"@type":"ListItem","position":1,"name":"Kezd\u0151lap","item":"https:\/\/riverfitness.hu\/"},{"@type":"ListItem","position":2,"name":"Blog"}]},{"@type":"WebSite","@id":"https:\/\/riverfitness.hu\/#website","url":"https:\/\/riverfitness.hu\/","name":"River Fitness by Getfit","description":"","publisher":{"@id":"https:\/\/riverfitness.hu\/#organization"},"potentialAction":[{"@type":"SearchAction","target":{"@type":"EntryPoint","urlTemplate":"https:\/\/riverfitness.hu\/?s={search_term_string}"},"query-input":"required name=search_term_string"}],"inLanguage":"en-GB"},{"@type":"Organization","@id":"https:\/\/riverfitness.hu\/#organization","name":"River Fitness by Getfit","url":"https:\/\/riverfitness.hu\/","logo":{"@type":"ImageObject","inLanguage":"en-GB","@id":"https:\/\/riverfitness.hu\/#\/schema\/logo\/image\/","url":"http:\/\/riverfitness.hu\/wp-content\/uploads\/2022\/04\/river-fitness-logo3.png","contentUrl":"http:\/\/riverfitness.hu\/wp-content\/uploads\/2022\/04\/river-fitness-logo3.png","width":300,"height":80,"caption":"River Fitness by Getfit"},"image":{"@id":"https:\/\/riverfitness.hu\/#\/schema\/logo\/image\/"},"sameAs":["https:\/\/www.facebook.com\/getfitriverfitness"]}]}},"_links":{"self":[{"href":"https:\/\/riverfitness.hu\/en\/wp-json\/wp\/v2\/pages\/4516","targetHints":{"allow":["GET"]}}],"collection":[{"href":"https:\/\/riverfitness.hu\/en\/wp-json\/wp\/v2\/pages"}],"about":[{"href":"https:\/\/riverfitness.hu\/en\/wp-json\/wp\/v2\/types\/page"}],"author":[{"embeddable":true,"href":"https:\/\/riverfitness.hu\/en\/wp-json\/wp\/v2\/users\/1"}],"replies":[{"embeddable":true,"href":"https:\/\/riverfitness.hu\/en\/wp-json\/wp\/v2\/comments?post=4516"}],"version-history":[{"count":13,"href":"https:\/\/riverfitness.hu\/en\/wp-json\/wp\/v2\/pages\/4516\/revisions"}],"predecessor-version":[{"id":4535,"href":"https:\/\/riverfitness.hu\/en\/wp-json\/wp\/v2\/pages\/4516\/revisions\/4535"}],"wp:attachment":[{"href":"https:\/\/riverfitness.hu\/en\/wp-json\/wp\/v2\/media?parent=4516"}],"curies":[{"name":"wp","href":"https:\/\/api.w.org\/{rel}","templated":true}]}}